{"id":409870,"date":"2025-04-07T14:49:09","date_gmt":"2025-04-07T12:49:09","guid":{"rendered":"https:\/\/www.woosa.com\/wordpress-onderhoud\/fair-use-policy\/"},"modified":"2026-02-14T17:37:30","modified_gmt":"2026-02-14T16:37:30","slug":"fair-use-policy","status":"publish","type":"page","link":"https:\/\/www.woosa.com\/nl\/scalers\/wordpress-onderhoud\/fair-use-policy\/","title":{"rendered":"Fair-Use Policy"},"content":{"rendered":"\t\t<div data-elementor-type=\"wp-page\" data-elementor-id=\"409870\" class=\"elementor elementor-409870 elementor-401018\" data-elementor-post-type=\"page\">\n\t\t\t\t<div class=\"elementor-element elementor-element-bf5a200 e-flex e-con-boxed e-con e-parent\" data-id=\"bf5a200\" data-element_type=\"container\" data-e-type=\"container\" data-settings=\"{&quot;background_background&quot;:&quot;classic&quot;}\">\n\t\t\t\t\t<div class=\"e-con-inner\">\n\t\t<div class=\"elementor-element elementor-element-d154d2b e-con-full e-flex e-con e-child\" data-id=\"d154d2b\" data-element_type=\"container\" data-e-type=\"container\">\n\t\t\t\t<div class=\"elementor-element elementor-element-30461ab elementor-widget elementor-widget-heading\" data-id=\"30461ab\" data-element_type=\"widget\" data-e-type=\"widget\" data-widget_type=\"heading.default\">\n\t\t\t\t<div class=\"elementor-widget-container\">\n\t\t\t\t\t<h1 class=\"elementor-heading-title elementor-size-default\">Fair-Use Policy<\/h1>\t\t\t\t<\/div>\n\t\t\t\t<\/div>\n\t\t\t\t<div class=\"elementor-element elementor-element-eccac81 elementor-widget elementor-widget-text-editor\" data-id=\"eccac81\" data-element_type=\"widget\" data-e-type=\"widget\" data-widget_type=\"text-editor.default\">\n\t\t\t\t<div class=\"elementor-widget-container\">\n\t\t\t\t\t\t\t\t\t<p>Wij bieden onbeperkte en prioritaire ondersteuning voor WordPress- en WooCommerce-sites, maar we streven ernaar om iedereen zo effici\u00ebnt en effectief mogelijk te helpen. Om die reden hanteren wij een Fair-Use Policy. Wat dit precies inhoudt, leest u hieronder.  <\/p>\t\t\t\t\t\t\t\t<\/div>\n\t\t\t\t<\/div>\n\t\t\t\t<\/div>\n\t\t\t\t\t<\/div>\n\t\t\t\t<\/div>\n\t\t<div class=\"elementor-element elementor-element-2eb3913 e-flex e-con-boxed e-con e-parent\" data-id=\"2eb3913\" data-element_type=\"container\" data-e-type=\"container\">\n\t\t\t\t\t<div class=\"e-con-inner\">\n\t\t\t\t<div class=\"elementor-element elementor-element-3bdb019 elementor-widget elementor-widget-text-editor\" data-id=\"3bdb019\" data-element_type=\"widget\" data-e-type=\"widget\" data-widget_type=\"text-editor.default\">\n\t\t\t\t<div class=\"elementor-widget-container\">\n\t\t\t\t\t\t\t\t\t<h2><span style=\"color: var( --e-global-color-9a8a705 ); font-family: var( --e-global-typography-secondary-font-family ), Sans-serif; font-size: var( --e-global-typography-secondary-font-size ); text-align: var(--text-align);\">Algemene uitgangspunten:<\/span><\/h2>\n<ul>\n<li style=\"font-weight: 400;\" aria-level=\"1\"><span style=\"font-weight: 400;\">Elk maandelijks supportplan is geldig voor \u00e9\u00e9n website met \u00e9\u00e9n WordPress-installatie. U kunt alleen ondersteuning aanvragen voor deze website. <\/span><\/li>\n<li style=\"font-weight: 400;\" aria-level=\"1\"><span style=\"font-weight: 400;\">E\u00e9n supportaanvraag tegelijkertijd. Op deze manier kunnen we een goed overzicht behouden. <\/span><\/li>\n<li style=\"font-weight: 400;\" aria-level=\"1\"><span style=\"font-weight: 400;\">U kunt een reactie verwachten binnen 2 uur, 7 dagen per week tussen 09:00 en 21:00 uur CEST.<\/span><\/li>\n<li style=\"font-weight: 400;\" aria-level=\"1\"><span style=\"font-weight: 400;\">Wij verwachten een normaal gebruik bij supportaanvragen. Wees altijd geduldig en vriendelijk tegenover onze supportspecialisten. Bij een zeer hoge belasting of een overmatig aantal supportaanvragen kan Woosa uw account evalueren of opschorten.  <\/span><\/li>\n<\/ul>\n<h2>Uitsluitingen<\/h2>\n<h5><span style=\"text-decoration: underline;\">In de volgende scenario&#8217;s leveren wij geen ondersteuning:<\/span><\/h5>\n<ul>\n<li style=\"font-weight: 400;\" aria-level=\"1\"><span style=\"font-weight: 400;\">Extreem onstabiele of slecht gebouwde websites.<\/span><\/li>\n<li style=\"font-weight: 400;\" aria-level=\"1\"><span style=\"font-weight: 400;\">Websites met een onderhoudsachterstand van meer dan 12 maanden.<\/span><\/li>\n<li style=\"font-weight: 400;\" aria-level=\"1\"><span style=\"font-weight: 400;\">Websites die gebouwd zijn met de volgende page builders:<\/span>\n<ul>\n<li style=\"font-weight: 400;\" aria-level=\"2\"><span style=\"font-weight: 400;\">Visual Composer<\/span><\/li>\n<li style=\"font-weight: 400;\" aria-level=\"2\"><span style=\"font-weight: 400;\">WPBakery<\/span><\/li>\n<\/ul>\n<\/li>\n<\/ul>\n<p><span style=\"font-weight: 400;\">Wij doen ons uiterste best om WordPress- en WooCommerce-websites optimaal te onderhouden en te ondersteunen. In sommige gevallen is een website echter zo onstabiel of technisch problematisch dat het oplossen van supportaanvragen een buitensporige hoeveelheid tijd en inspanning vergt. <\/span><\/p>\n<h5><span style=\"text-decoration: underline;\">Daarom behouden wij ons het recht voor om onze supportdiensten te weigeren of te beperken indien:<\/span><\/h5>\n<ul>\n<li style=\"font-weight: 400;\" aria-level=\"1\"><span style=\"font-weight: 400;\">De website is gebouwd met verouderde of conflicterende technologie\u00ebn die structurele problemen en bugs veroorzaken.<\/span><\/li>\n<li style=\"font-weight: 400;\" aria-level=\"1\"><span style=\"font-weight: 400;\">De codebase extreem onstabiel is, bijvoorbeeld door een opeenhoping van of slecht geschreven maatwerkcode.<\/span><\/li>\n<li style=\"font-weight: 400;\" aria-level=\"1\"><span style=\"font-weight: 400;\">De website bestaat uit een overmatig aantal plugins die samen onvoorspelbaar gedrag veroorzaken, waardoor probleemoplossing onmogelijk wordt.<\/span><\/li>\n<li style=\"font-weight: 400;\" aria-level=\"1\"><span style=\"font-weight: 400;\">Er structurele problemen zijn met de database of serverconfiguratie die normale supportaanvragen onredelijk complex maken.<\/span><\/li>\n<\/ul>\n<h5><span style=\"text-decoration: underline;\"><span style=\"font-weight: 400;\">Wat gebeurt er in deze gevallen?<\/span><\/span><\/h5>\n<ul>\n<li style=\"font-weight: 400;\" aria-level=\"1\"><span style=\"font-weight: 400;\">Woosa zal de gezondheid en complexiteit van de website opmerken tijdens de eerste uitgebreide Site Audit. Op basis hiervan zullen wij de situatie beoordelen en aangeven welke zaken buiten ons ondersteuningsplan vallen. <\/span><\/li>\n<li style=\"font-weight: 400;\" aria-level=\"1\"><span style=\"font-weight: 400;\">Indien gewenst kunnen wij adviseren over een oplossing. Denk hierbij aan het herbouwen van (delen van) de website of het overstappen naar een andere hostingprovider. <\/span><\/li>\n<li style=\"font-weight: 400;\" aria-level=\"1\"><span style=\"font-weight: 400;\">Wij kunnen supportaanvragen weigeren als de benodigde tijd en complexiteit niet in verhouding staan tot het gekozen supportplan.<\/span><\/li>\n<\/ul>\n<h5><span style=\"text-decoration: underline;\"><span style=\"font-weight: 400;\">Geen maatwerkontwikkeling<\/span><\/span><\/h5>\n<p><span style=\"font-weight: 400;\">Onze maandelijkse supportplannen zijn gericht op het leveren van ondersteuning, niet op het coderen van nieuwe functionaliteiten. Wij bieden onbeperkte ondersteuning en onderhoud, maar voeren geen maatwerkontwikkelingstaken uit. Dit betekent:  <\/span><\/p>\n<ul>\n<li style=\"font-weight: 400;\" aria-level=\"1\"><span style=\"font-weight: 400;\">Geen maatwerkontwikkeling of nieuwe functionaliteiten. Bijvoorbeeld een op maat ontwikkelde plugin of nieuwe functies die aan de website worden toegevoegd. <\/span><\/li>\n<li style=\"font-weight: 400;\" aria-level=\"1\"><span style=\"font-weight: 400;\">Geen herontwerpen of het wijzigen van de infrastructuur van de website.<\/span><\/li>\n<li style=\"font-weight: 400;\" aria-level=\"1\"><span style=\"font-weight: 400;\">Geen aangepaste configuratie van plugins.<\/span><\/li>\n<li style=\"font-weight: 400;\" aria-level=\"1\"><span style=\"font-weight: 400;\">Geen nieuwe API-verbindingen of integraties met platforms of plugins van derden.<\/span><\/li>\n<\/ul>\n<p><span style=\"font-weight: 400;\">&nbsp;Heeft u maatwerkontwikkeling nodig? U kunt een offerte aanvragen via onze website. <\/span><\/p>\n<h5><span style=\"text-decoration: underline;\"><span style=\"font-weight: 400;\">Geen onderhoud voor externe diensten en software<\/span><\/span><\/h5>\n<p><span style=\"font-weight: 400;\">Voor ons is het onmogelijk om de code of logica van andere bedrijven te ondersteunen. Dit betekent: <\/span><\/p>\n<ul>\n<li style=\"font-weight: 400;\" aria-level=\"1\"><span style=\"font-weight: 400;\">Geen ondersteuning voor externe webshopplatforms, zoals: Shopify, Magento, Bigcommerce, Wix etc.<\/span><\/li>\n<li style=\"font-weight: 400;\" aria-level=\"1\"><span style=\"font-weight: 400;\">Geen ondersteuning of onderhoud voor software van derden buiten WordPress.<\/span><\/li>\n<li style=\"font-weight: 400;\" aria-level=\"1\"><span style=\"font-weight: 400;\">Geen garanties voor integraties met externe tools (zoals betaalgateways en boekhoudsoftware).<\/span><\/li>\n<\/ul>\n<h5><span style=\"text-decoration: underline;\"><span style=\"font-weight: 400;\">Wat doen wij wel?<\/span><\/span><\/h5>\n<p><span style=\"font-weight: 400;\">Problemen oplossen binnen WordPress en externe partijen in de juiste richting wijzen waar het probleem, het conflict of de bug zich voordoet.<\/span><\/p>\n<h2>Inbegrepen diensten<\/h2>\n<h5><span style=\"text-decoration: underline;\"><span style=\"font-weight: 400;\">Cloud Backups<\/span><\/span><\/h5>\n<ul>\n<li style=\"font-weight: 400;\" aria-level=\"1\"><span style=\"font-weight: 400;\">Het Cloud Backup-systeem instellen en configureren.&nbsp;<\/span><\/li>\n<li style=\"font-weight: 400;\" aria-level=\"1\"><span style=\"font-weight: 400;\">Cloud Backups opslaan.<\/span><\/li>\n<li style=\"font-weight: 400;\" aria-level=\"1\"><span style=\"font-weight: 400;\">Indien nodig een bepaalde Cloud Backup terugzetten op uw WordPress-website.<\/span><\/li>\n<\/ul>\n<h5><span style=\"text-decoration: underline;\"><span style=\"font-weight: 400;\">Database Cleanups<\/span><\/span><\/h5>\n<ul>\n<li style=\"font-weight: 400;\" aria-level=\"1\"><span style=\"font-weight: 400;\">Oppervlakkige database-opschoningen via plugins, die bepaalde databasetabellen automatisch minimaliseren.<\/span><\/li>\n<li style=\"font-weight: 400;\" aria-level=\"1\"><span style=\"font-weight: 400;\">Diepgaande database-opschoningen: het verwijderen van gearchiveerde post-meta en berichten, en het verwijderen van overbodige databasetabellen.<\/span><\/li>\n<li style=\"font-weight: 400;\" aria-level=\"1\"><span style=\"font-weight: 400;\">Elk probleem binnen de database aanpakken om de omvang te minimaliseren en de prestaties te verbeteren.<\/span><\/li>\n<\/ul>\n<h5><span style=\"text-decoration: underline;\"><span style=\"font-weight: 400;\">Regulier onderhoud<\/span><\/span><\/h5>\n<ul>\n<li style=\"font-weight: 400;\" aria-level=\"1\"><span style=\"font-weight: 400;\">Updates van WordPress-plugins.<\/span><\/li>\n<li style=\"font-weight: 400;\" aria-level=\"1\"><span style=\"font-weight: 400;\">Updates van WordPress-thema&#8217;s.<\/span><\/li>\n<li style=\"font-weight: 400;\" aria-level=\"1\"><span style=\"font-weight: 400;\">Framework-updates (PHP, jQuery etc.)<\/span><\/li>\n<\/ul>\n<h5><span style=\"text-decoration: underline;\"><span style=\"font-weight: 400;\">Beveiligingsscan &amp; onderhoud<\/span><\/span><\/h5>\n<ul>\n<li style=\"font-weight: 400;\" aria-level=\"1\"><span style=\"font-weight: 400;\">Dagelijkse scans op beveiligingslekken en malware.<\/span><\/li>\n<li style=\"font-weight: 400;\" aria-level=\"1\"><span style=\"font-weight: 400;\">Dagelijkse scans op lekken in ge\u00efnstalleerde plugins.<\/span><\/li>\n<li style=\"font-weight: 400;\" aria-level=\"1\"><span style=\"font-weight: 400;\">Het verwijderen van bestanden en plugins die risico&#8217;s op hacking met zich meebrengen.<\/span><\/li>\n<\/ul>\n<h5><span style=\"text-decoration: underline;\"><span style=\"font-weight: 400;\">Verbeteringen in snelheid &amp; prestaties<\/span><\/span><\/h5>\n<ul>\n<li style=\"font-weight: 400;\" aria-level=\"1\"><span style=\"font-weight: 400;\">Snelheids- en prestatieverbeteringen installeren en onderhouden.<\/span><\/li>\n<li style=\"font-weight: 400;\" aria-level=\"1\"><span style=\"font-weight: 400;\">Snelheidsstatistieken maandelijks automatisch bijhouden.<\/span><\/li>\n<\/ul>\n<h5><span style=\"text-decoration: underline;\"><span style=\"font-weight: 400;\">24\/7 Uptime Monitoring<\/span><\/span><\/h5>\n<ul>\n<li style=\"font-weight: 400;\" aria-level=\"1\"><span style=\"font-weight: 400;\">Uptime-monitoring inschakelen en configureren.<\/span><\/li>\n<li style=\"font-weight: 400;\" aria-level=\"1\"><span style=\"font-weight: 400;\">Proactieve ondersteuning bieden binnen 2 uur nadat een downtime-melding is ontvangen.<\/span><\/li>\n<\/ul>\n<h5><span style=\"text-decoration: underline;\"><span style=\"font-weight: 400;\">Onbeperkte probleemoplossing<\/span><\/span><\/h5>\n<ul>\n<li style=\"font-weight: 400;\" aria-level=\"1\"><span style=\"font-weight: 400;\">Problemen oplossen wanneer er een issue in de winkel ontstaat.&nbsp;<\/span><\/li>\n<li style=\"font-weight: 400;\" aria-level=\"1\"><span style=\"font-weight: 400;\">Een gedetailleerd rapport leveren voor plugins of platforms van derden om het probleem of de bug op te lossen.&nbsp;<\/span><\/li>\n<\/ul>\n<h5><span style=\"text-decoration: underline;\"><span style=\"font-weight: 400;\">Onbeperkt bugfixing<\/span><\/span><\/h5>\n<ul>\n<li style=\"font-weight: 400;\" aria-level=\"1\"><span style=\"font-weight: 400;\">Bugfixing op basis van probleemoplossing voor de plugins en tools die door Woosa zijn ontwikkeld en worden ondersteund.<\/span><\/li>\n<\/ul>\n<h5><span style=\"text-decoration: underline;\"><span style=\"font-weight: 400;\">Prioriteit Support<\/span><\/span><\/h5>\n<ul>\n<li style=\"font-weight: 400;\" aria-level=\"1\"><span style=\"font-weight: 400;\">Prioritaire ondersteuning bieden via e-mail, live chat en WhatsApp.<\/span><\/li>\n<li style=\"font-weight: 400;\" aria-level=\"1\"><span style=\"font-weight: 400;\">Gemiddelde reactietijd van 2 uur, 7 dagen per week tussen 09:00 en 21:00 uur CEST.<\/span><\/li>\n<\/ul>\n<p><span style=\"font-weight: 400;\">Deze uitsluitingen en inbegrepen diensten zijn onderhevig aan mogelijke wijzigingen. Woosa B.V. behoudt zich het recht voor om deze uitsluitingen en inbegrepen diensten binnen redelijke grenzen te wijzigen of aan te vullen. Zie de actuele versie op woosa.com\/woocommerce-support\/fair-use-policy.  <\/span><\/p>\t\t\t\t\t\t\t\t<\/div>\n\t\t\t\t<\/div>\n\t\t\t\t\t<\/div>\n\t\t\t\t<\/div>\n\t\t\t\t<\/div>\n\t\t","protected":false},"excerpt":{"rendered":"<p>Fair-Use Policy Wij bieden onbeperkte en prioritaire ondersteuning voor WordPress- en WooCommerce-sites, maar we streven ernaar om iedereen zo effici\u00ebnt en effectief mogelijk te helpen. Om die reden hanteren wij een Fair-Use Policy. Wat dit precies inhoudt, leest u hieronder. Algemene uitgangspunten: Elk maandelijks supportplan is geldig voor \u00e9\u00e9n website met \u00e9\u00e9n WordPress-installatie. U kunt [&hellip;]<\/p>\n","protected":false},"author":3,"featured_media":0,"parent":405300,"menu_order":24,"comment_status":"closed","ping_status":"closed","template":"","meta":{"_acf_changed":false,"footnotes":""},"class_list":["post-409870","page","type-page","status-publish","hentry"],"acf":[],"_links":{"self":[{"href":"https:\/\/www.woosa.com\/nl\/wp-json\/wp\/v2\/pages\/409870","targetHints":{"allow":["GET"]}}],"collection":[{"href":"https:\/\/www.woosa.com\/nl\/wp-json\/wp\/v2\/pages"}],"about":[{"href":"https:\/\/www.woosa.com\/nl\/wp-json\/wp\/v2\/types\/page"}],"author":[{"embeddable":true,"href":"https:\/\/www.woosa.com\/nl\/wp-json\/wp\/v2\/users\/3"}],"replies":[{"embeddable":true,"href":"https:\/\/www.woosa.com\/nl\/wp-json\/wp\/v2\/comments?post=409870"}],"version-history":[{"count":0,"href":"https:\/\/www.woosa.com\/nl\/wp-json\/wp\/v2\/pages\/409870\/revisions"}],"up":[{"embeddable":true,"href":"https:\/\/www.woosa.com\/nl\/wp-json\/wp\/v2\/pages\/405300"}],"wp:attachment":[{"href":"https:\/\/www.woosa.com\/nl\/wp-json\/wp\/v2\/media?parent=409870"}],"curies":[{"name":"wp","href":"https:\/\/api.w.org\/{rel}","templated":true}]}}